{"id":879,"date":"2012-05-17T22:06:57","date_gmt":"2012-05-17T22:06:57","guid":{"rendered":"http:\/\/historiografija.hr\/?page_id=879"},"modified":"2026-04-29T16:03:44","modified_gmt":"2026-04-29T14:03:44","slug":"impressum","status":"publish","type":"page","link":"https:\/\/historiografija.hr\/?page_id=879","title":{"rendered":"Impresum"},"content":{"rendered":"<p>Internetski portal <em>Historiografija.hr<\/em> namijenjen je uspostavljanju bolje komunikacije me\u0111u hrvatskim povjesni\u010darima i znanstvenicima op\u0107enito, kao i ja\u010danju na\u0161e komunikacije s kolegicama i kolegama u inozemstvu te stru\u010dnom i \u0161irom javnosti. U najve\u0107oj mogu\u0107oj mjeri donosit \u0107e obavijesti o objavama i predstavljanjima knjiga, najavama znanstvenih i stru\u010dnih skupova i seminara te razne tekstove o povijesti historiografije i suvremenoj historiografiji, povijesnu gra\u0111u i elektronska izdanja knjiga, kao i historiografske polemike, javne rasprave, komentare i osvrte.<\/p>\n<p>Pozivamo sve koji imaju neke obavijesti o knjigama i skupovima, kao i sve koji su op\u0107enito voljni sura\u0111ivati na preno\u0161enju obavijesti te pisanju tekstova, osvrta i polemika da se jave na e-mail: <a href=\"mailto:info@historiografija.hr\">info@historiografija.hr<\/a>, <a href=\"mailto:dagicic@ffzg.hr\">dagicic@ffzg.hr<\/a> ili <a href=\"mailto:bjankovi@m.ffzg.hr\">bjankovi@m.ffzg.hr<\/a>.<\/p>\n<p>Osniva\u010d i prvi urednik portala: dr. sc. Damir Agi\u010di\u0107, red. prof.<\/p>\n<p>Urednik portala: dr. sc. Branimir Jankovi\u0107, izv. prof.<\/p>\n<p>Digitalizacija: Dejan Zadro<\/p>\n\n\n<p>Nakladnik: Kliofest, udruga za promicanje kulture povijesti<\/p>\n\n\n\n<p>Ulica Stjepana Plani\u0107a 10, Zagreb<\/p>\n\n\n\n<p><a href=\"http:\/\/www.kliofest.hr\/\" target=\"_blank\" rel=\"noreferrer noopener\">www.kliofest.hr<\/a><\/p>\n","protected":false},"excerpt":{"rendered":"","protected":false},"author":1,"featured_media":0,"parent":0,"menu_order":0,"comment_status":"open","ping_status":"open","template":"","meta":{"_acf_changed":false,"jetpack_post_was_ever_published":false,"footnotes":""},"class_list":["post-879","page","type-page","status-publish","hentry"],"acf":[],"jetpack_sharing_enabled":true,"jetpack-related-posts":[{"id":4219,"url":"https:\/\/historiografija.hr\/?page_id=4219","url_meta":{"origin":879,"position":0},"title":"Kliofest","author":"admin","date":"8. svibnja 2017.","format":false,"excerpt":"TRINAESTI Festival povijesti KLIOFEST 2026. Trinaesti Festival povijesti Kliofest odr\u017eava se od 5. do 8. svibnja 2026. u Nacionalnoj i sveu\u010dili\u0161noj knji\u017enici u Zagrebu, kao i na nekoliko drugih lokacija u gradu. Cijeli program dostupan je na sljede\u0107oj poveznici: https:\/\/www.kliofest.hr\/","rel":"","context":"Srodne objave","block_context":{"text":"Srodne objave","link":""},"img":{"alt_text":"","src":"","width":0,"height":0},"classes":[]}],"_links":{"self":[{"href":"https:\/\/historiografija.hr\/index.php?rest_route=\/wp\/v2\/pages\/879","targetHints":{"allow":["GET"]}}],"collection":[{"href":"https:\/\/historiografija.hr\/index.php?rest_route=\/wp\/v2\/pages"}],"about":[{"href":"https:\/\/historiografija.hr\/index.php?rest_route=\/wp\/v2\/types\/page"}],"author":[{"embeddable":true,"href":"https:\/\/historiografija.hr\/index.php?rest_route=\/wp\/v2\/users\/1"}],"replies":[{"embeddable":true,"href":"https:\/\/historiografija.hr\/index.php?rest_route=%2Fwp%2Fv2%2Fcomments&post=879"}],"version-history":[{"count":16,"href":"https:\/\/historiografija.hr\/index.php?rest_route=\/wp\/v2\/pages\/879\/revisions"}],"predecessor-version":[{"id":52731,"href":"https:\/\/historiografija.hr\/index.php?rest_route=\/wp\/v2\/pages\/879\/revisions\/52731"}],"wp:attachment":[{"href":"https:\/\/historiografija.hr\/index.php?rest_route=%2Fwp%2Fv2%2Fmedia&parent=879"}],"curies":[{"name":"wp","href":"https:\/\/api.w.org\/{rel}","templated":true}]}}