{"id":876,"date":"2012-05-17T22:06:10","date_gmt":"2012-05-17T22:06:10","guid":{"rendered":"http:\/\/historiografija.hr\/?page_id=876"},"modified":"2025-09-16T13:11:36","modified_gmt":"2025-09-16T13:11:36","slug":"knjiznice","status":"publish","type":"page","link":"https:\/\/historiografija.hr\/?page_id=876","title":{"rendered":"Muzeji"},"content":{"rendered":"<div style=\"position: relative; float: left; width: 100%; padding-bottom: 10px;\"><a style=\"padding-bottom: 10px; color: #cc0000;\" href=\"http:\/\/www.ami-pula.hr\/\" target=\"_blank\" rel=\"noopener noreferrer\">Arheolo\u0161ki muzej Istre<\/a><\/div>\n<div style=\"position: relative; float: left; width: 100%; padding-bottom: 10px;\"><a style=\"padding-bottom: 10px; color: #cc0000;\" href=\"http:\/\/www.a-m-narona.hr\/\" target=\"_blank\" rel=\"noopener noreferrer\">Arheolo\u0161ki muzej Narona<\/a><\/div>\n<div style=\"position: relative; float: left; width: 100%; padding-bottom: 10px;\"><a style=\"padding-bottom: 10px; color: #cc0000;\" href=\"https:\/\/amo.hr\/\" target=\"_blank\" rel=\"noopener noreferrer\">Arheolo\u0161ki muzej Osijek<\/a><\/div>\n<div style=\"position: relative; float: left; width: 100%; padding-bottom: 10px;\"><a href=\"https:\/\/www.armus.hr\/\">Arheolo\u0161ki muzej u Splitu<\/a><\/div>\n<div style=\"position: relative; float: left; width: 100%; padding-bottom: 10px;\"><a style=\"padding-bottom: 10px; color: #cc0000;\" href=\"http:\/\/www.amz.hr\/\" target=\"_blank\" rel=\"noopener noreferrer\">Arheolo\u0161ki muzej u Zagrebu<\/a><\/div>\n<div style=\"position: relative; float: left; width: 100%; padding-bottom: 10px;\"><a style=\"padding-bottom: 10px; color: #cc0000;\" href=\"https:\/\/amzd.hr\/\" target=\"_blank\" rel=\"noopener noreferrer\">Arheolo\u0161ki muzej Zadar <\/a><\/div>\n<div style=\"position: relative; float: left; width: 100%; padding-bottom: 10px;\"><a style=\"padding-bottom: 10px; color: #cc0000;\" href=\"https:\/\/www.dumus.hr\/\" target=\"_blank\" rel=\"noopener noreferrer\">Dubrova\u010dki muzeji<\/a><\/div>\n<div style=\"position: relative; float: left; width: 100%; padding-bottom: 10px;\"><a href=\"https:\/\/trakoscan.hr\/\">Dvor Trako\u0161\u0107an<\/a><\/div>\n<div style=\"position: relative; float: left; width: 100%; padding-bottom: 10px;\"><a style=\"padding-bottom: 10px; color: #cc0000;\" href=\"http:\/\/www.etnografski-muzej-split.hr\/\" target=\"_blank\" rel=\"noopener noreferrer\">Etnografski muzej Split<\/a><\/div>\n<div style=\"position: relative; float: left; width: 100%; padding-bottom: 10px;\"><a style=\"padding-bottom: 10px; color: #cc0000;\" href=\"https:\/\/www.emi.hr\/hr\/\" target=\"_blank\" rel=\"noopener noreferrer\">Etnografski muzej Istre<\/a><\/div>\n<div style=\"position: relative; float: left; width: 100%; padding-bottom: 10px;\"><a style=\"padding-bottom: 10px; color: #cc0000;\" href=\"https:\/\/emz.hr\/\" target=\"_blank\" rel=\"noopener noreferrer\">Etnografski muzej Zagreb<\/a><\/div>\n<div style=\"position: relative; float: left; width: 100%; padding-bottom: 10px;\"><a style=\"padding-bottom: 10px; color: #cc0000;\" href=\"http:\/\/gliptoteka.hazu.hr\/hr\/\" target=\"_blank\" rel=\"noopener noreferrer\">Gliptoteka HAZU<\/a><\/div>\n<div style=\"position: relative; float: left; width: 100%; padding-bottom: 10px;\"><a style=\"padding-bottom: 10px; color: #cc0000;\" href=\"https:\/\/mgk.hr\/\" target=\"_blank\" rel=\"noopener noreferrer\">Gradski muzej Karlovac<\/a><\/div>\n<div style=\"position: relative; float: left; width: 100%; padding-bottom: 10px;\"><a style=\"padding-bottom: 10px; color: #cc0000;\" href=\"https:\/\/muzej-sisak.hr\/\" target=\"_blank\" rel=\"noopener noreferrer\">Gradski muzej Sisak<\/a><\/div>\n<div style=\"position: relative; float: left; width: 100%; padding-bottom: 10px;\"><a style=\"padding-bottom: 10px; color: #cc0000;\" href=\"http:\/\/www.gmv.hr\/hr\/\" target=\"_blank\" rel=\"noopener noreferrer\">Gradski muzej Vara\u017edin <\/a><\/div>\n<div style=\"position: relative; float: left; width: 100%; padding-bottom: 10px;\"><a style=\"padding-bottom: 10px; color: #cc0000;\" href=\"https:\/\/muzejvk.hr\/\" target=\"_blank\" rel=\"noopener noreferrer\">Gradski muzej Vinkovci<\/a><\/div>\n<div style=\"position: relative; float: left; width: 100%; padding-bottom: 10px;\"><a style=\"padding-bottom: 10px; color: #cc0000;\" href=\"http:\/\/www.muzej-vukovar.hr\/\" target=\"_blank\" rel=\"noopener noreferrer\">Gradski muzej Vukovar <\/a><\/div>\n<div style=\"position: relative; float: left; width: 100%; padding-bottom: 10px;\"><a style=\"padding-bottom: 10px; color: #cc0000;\" href=\"https:\/\/hmmf.hazu.hr\/\" target=\"_blank\" rel=\"noopener noreferrer\">Hrvatski muzej medicine i farmacije<\/a><\/div>\n<div style=\"position: relative; float: left; width: 100%; padding-bottom: 10px;\"><a style=\"padding-bottom: 10px; color: #cc0000;\" href=\"https:\/\/www.hrmt.hr\/\" target=\"_blank\" rel=\"noopener noreferrer\">Hrvatski muzej turizma<\/a><\/div>\n<div style=\"position: relative; float: left; width: 100%; padding-bottom: 10px;\"><a style=\"padding-bottom: 10px; color: #cc0000;\" href=\"https:\/\/hpms.hr\/\" target=\"_blank\" rel=\"noopener noreferrer\">Hrvatski pomorski muzej Split<\/a><\/div>\n<div style=\"position: relative; float: left; width: 100%; padding-bottom: 10px;\"><a style=\"padding-bottom: 10px; color: #cc0000;\" href=\"https:\/\/www.hismus.hr\/hr\/\" target=\"_blank\" rel=\"noopener noreferrer\">Hrvatski povijesni muzej<\/a><\/div>\n<div style=\"position: relative; float: left; width: 100%; padding-bottom: 10px;\"><a style=\"padding-bottom: 10px; color: #cc0000;\" href=\"https:\/\/www.hsmuzej.hr\/\" target=\"_blank\" rel=\"noopener noreferrer\">Hrvatski \u0161kolski muzej<\/a><\/div>\n<div style=\"position: relative; float: left; width: 100%; padding-bottom: 10px;\"><a style=\"padding-bottom: 10px; color: #cc0000;\" href=\"http:\/\/www.jusp-jasenovac.hr\/\" target=\"_blank\" rel=\"noopener noreferrer\">Javna ustanova Spomen-podru\u010dje Jasenovac <\/a><\/div>\n<div style=\"position: relative; float: left; width: 100%; padding-bottom: 10px;\"><a style=\"padding-bottom: 10px; color: #cc0000;\" href=\"https:\/\/www.muzej.losinj.hr\/\" target=\"_blank\" rel=\"noopener noreferrer\">Lo\u0161injski muzej<\/a><\/div>\n<div style=\"position: relative; float: left; width: 100%; padding-bottom: 10px;\"><a style=\"padding-bottom: 10px; color: #cc0000;\" href=\"https:\/\/hr.redhistorymuseum.com\/\" target=\"_blank\" rel=\"noopener noreferrer\">Muzej crvene povijesti<\/a><\/div>\n<div style=\"position: relative; float: left; width: 100%; padding-bottom: 10px;\"><a style=\"padding-bottom: 10px; color: #cc0000;\" href=\"https:\/\/mdrd.hr\/\" target=\"_blank\" rel=\"noopener noreferrer\">Muzej Domovinskog rata Dubrovnik <\/a><\/div>\n<div style=\"position: relative; float: left; width: 100%; padding-bottom: 10px;\"><a style=\"padding-bottom: 10px; color: #cc0000;\" href=\"https:\/\/mgk.hr\/muzej-domovinskog-rata\/\" target=\"_blank\" rel=\"noopener noreferrer\">Muzej Domovinskog rata Karlovac &#8211; Turanj<\/a><\/div>\n<div style=\"position: relative; float: left; width: 100%; padding-bottom: 10px;\"><a style=\"padding-bottom: 10px; color: #cc0000;\" href=\"https:\/\/mdrus.hr\/\" target=\"_blank\" rel=\"noopener noreferrer\">Muzej Domovinskog rata u Splitu<\/a><\/div>\n<div style=\"position: relative; float: left; width: 100%; padding-bottom: 10px;\"><a style=\"padding-bottom: 10px; color: #cc0000;\" href=\"https:\/\/www.mgi.hr\/\" target=\"_blank\" rel=\"noopener noreferrer\">Muzej grada Iloka<\/a><\/div>\n<div style=\"position: relative; float: left; width: 100%; padding-bottom: 10px;\"><a style=\"padding-bottom: 10px; color: #cc0000;\" href=\"https:\/\/www.muzej-koprivnica.hr\/\" target=\"_blank\" rel=\"noopener noreferrer\">Muzej grada Koprivnice<\/a><\/div>\n<div style=\"position: relative; float: left; width: 100%; padding-bottom: 10px;\"><a style=\"padding-bottom: 10px; color: #cc0000;\" href=\"https:\/\/www.muzej-rijeka.hr\/\" target=\"_blank\" rel=\"noopener noreferrer\">Muzej grada Rijeke<\/a><\/div>\n<div style=\"position: relative; float: left; width: 100%; padding-bottom: 10px;\"><a style=\"padding-bottom: 10px; color: #cc0000;\" href=\"https:\/\/www.mgs.hr\/\" target=\"_blank\" rel=\"noopener noreferrer\">Muzej grada Splita <\/a><\/div>\n<div style=\"position: relative; float: left; width: 100%; padding-bottom: 10px;\"><a href=\"http:\/\/www.muzej-sibenik.hr\/hrv\/default.asp\">Muzej grada \u0160ibenika<\/a><\/div>\n<div style=\"position: relative; float: left; width: 100%; padding-bottom: 10px;\"><a style=\"padding-bottom: 10px; color: #cc0000;\" href=\"https:\/\/muzej-grada-trogira.hr\/\" target=\"_blank\" rel=\"noopener noreferrer\">Muzej grada Trogira<\/a><\/div>\n<div style=\"position: relative; float: left; width: 100%; padding-bottom: 10px;\"><a style=\"padding-bottom: 10px; color: #cc0000;\" href=\"http:\/\/mgz.hr\/hr\/\" target=\"_blank\" rel=\"noopener noreferrer\">Muzej grada Zagreba<\/a><\/div>\n<div style=\"position: relative; float: left; width: 100%; padding-bottom: 10px;\"><a style=\"padding-bottom: 10px; color: #cc0000;\" href=\"https:\/\/www.mhas-split.hr\/\" target=\"_blank\" rel=\"noopener noreferrer\">Muzej hrvatskih arheolo\u0161kih spomenika <\/a><\/div>\n<div style=\"position: relative; float: left; width: 100%; padding-bottom: 10px;\"><a style=\"padding-bottom: 10px; color: #cc0000;\" href=\"https:\/\/www.muzej-moslavine.hr\/\" target=\"_blank\" rel=\"noopener noreferrer\">Muzej Moslavine Kutina<\/a><\/div>\n<div style=\"position: relative; float: left; width: 100%; padding-bottom: 10px;\"><a style=\"padding-bottom: 10px; color: #cc0000;\" href=\"https:\/\/www.facebook.com\/Muzej-pobjede_%C5%A0ibenik-675692609260389\/\" target=\"_blank\" rel=\"noopener noreferrer\">Muzej pobjede u \u0160ibeniku<\/a><\/div>\n<div style=\"position: relative; float: left; width: 100%; padding-bottom: 10px;\"><a style=\"padding-bottom: 10px; color: #cc0000;\" href=\"http:\/\/www.imageofwar.hr\/old-home-2\" target=\"_blank\" rel=\"noopener noreferrer\">Muzej ratne fotografije u Zagrebu<\/a><\/div>\n<div style=\"position: relative; float: left; width: 100%; padding-bottom: 10px;\"><a href=\"https:\/\/msb.mhz.hr\/info\/\">Muzej selja\u010dkih buna<\/a><\/div>\n<div style=\"position: relative; float: left; width: 100%; padding-bottom: 10px;\"><a style=\"padding-bottom: 10px; color: #cc0000;\" href=\"https:\/\/www.alka.hr\/muzej\/posjetite-muzej-s34\" target=\"_blank\" rel=\"noopener noreferrer\">Muzej Sinjske alke<\/a><\/div>\n<div style=\"position: relative; float: left; width: 100%; padding-bottom: 10px;\"><a style=\"padding-bottom: 10px; color: #cc0000;\" href=\"https:\/\/www.facebook.com\/muzejslavonije\/\" target=\"_blank\" rel=\"noopener noreferrer\">Muzej Slavonije<\/a><\/div>\n<div style=\"position: relative; float: left; width: 100%; padding-bottom: 10px;\"><a style=\"padding-bottom: 10px; color: #cc0000;\" href=\"https:\/\/www.muzejsusjedstvatresnjevka.org\/\" target=\"_blank\" rel=\"noopener noreferrer\">Muzej susjedstva Tre\u0161njevka <\/a><\/div>\n<div style=\"position: relative; float: left; width: 100%; padding-bottom: 10px;\"><a style=\"padding-bottom: 10px; color: #cc0000;\" href=\"https:\/\/www.muzej-zelina.hr\/\" target=\"_blank\" rel=\"noopener noreferrer\">Muzej Sveti Ivan Zelina<\/a><\/div>\n<div style=\"position: relative; float: left; width: 100%; padding-bottom: 10px;\"><a style=\"padding-bottom: 10px; color: #cc0000;\" href=\"https:\/\/www.facebook.com\/mvrp.pakrac\/\" target=\"_blank\" rel=\"noopener noreferrer\">Muzej vojne i ratne povijesti u Pakracu <\/a><\/div>\n<div style=\"position: relative; float: left; width: 100%; padding-bottom: 10px;\"><a style=\"padding-bottom: 10px; color: #cc0000;\" href=\"https:\/\/vucedol.hr\/\" target=\"_blank\" rel=\"noopener noreferrer\">Muzej vu\u010dedolske kulture <\/a><\/div>\n<div style=\"position: relative; float: left; width: 100%; padding-bottom: 10px;\"><a href=\"https:\/\/www.mhz.hr\/hr\/o-muzejima\/opci-podaci\/\">Muzeji Hrvatskog zagorja<\/a><\/div>\n<div style=\"position: relative; float: left; width: 100%; padding-bottom: 10px;\"><a style=\"padding-bottom: 10px; color: #cc0000;\" href=\"https:\/\/mdc.hr\/\" target=\"_blank\" rel=\"noopener noreferrer\">Muzejski dokumentacijski centar<\/a><\/div>\n<div style=\"position: relative; float: left; width: 100%; padding-bottom: 10px;\"><a style=\"padding-bottom: 10px; color: #cc0000;\" href=\"http:\/\/nmz.hr\/hr\/\" target=\"_blank\" rel=\"noopener noreferrer\">Narodni muzej Zadar<\/a><\/div>\n<div style=\"position: relative; float: left; width: 100%; padding-bottom: 10px;\"><a style=\"padding-bottom: 10px; color: #cc0000;\" href=\"http:\/\/www.ppmi.hr\/hr\/\" target=\"_blank\" rel=\"noopener noreferrer\">Povijesni i pomorski muzej Istre<\/a><\/div>\n<div style=\"position: relative; float: left; width: 100%; padding-bottom: 10px;\"><a style=\"padding-bottom: 10px; color: #cc0000;\" href=\"http:\/\/ppmhp.hr\/\" target=\"_blank\" rel=\"noopener noreferrer\">Pomorski i povijesni muzej Hrvatskog primorja Rijeka<\/a><\/div>\n<div style=\"position: relative; float: left; width: 100%; padding-bottom: 10px;\"><a style=\"padding-bottom: 10px; color: #cc0000;\" href=\"https:\/\/tmnt.hr\/hr-hr\/\" target=\"_blank\" rel=\"noopener noreferrer\">Tehni\u010dki muzej Nikola Tesla<\/a><\/div>\n<div>\u00a0<\/div>\n<div style=\"position: relative; float: left; width: 100%; padding-bottom: 100px;\">\u00a0<\/div>\n\n\n<p><\/p>\n","protected":false},"excerpt":{"rendered":"","protected":false},"author":1,"featured_media":0,"parent":0,"menu_order":0,"comment_status":"open","ping_status":"open","template":"","meta":{"_acf_changed":false,"jetpack_post_was_ever_published":false,"footnotes":""},"class_list":["post-876","page","type-page","status-publish","hentry"],"acf":[],"jetpack_sharing_enabled":true,"jetpack-related-posts":[{"id":4219,"url":"https:\/\/historiografija.hr\/?page_id=4219","url_meta":{"origin":876,"position":0},"title":"Kliofest","author":"admin","date":"8. svibnja 2017.","format":false,"excerpt":"TRINAESTI Festival povijesti KLIOFEST 2026. Trinaesti Festival povijesti Kliofest odr\u017eava se od 5. do 8. svibnja 2026. u Nacionalnoj i sveu\u010dili\u0161noj knji\u017enici u Zagrebu, kao i na nekoliko drugih lokacija u gradu. Cijeli program dostupan je na sljede\u0107oj poveznici: https:\/\/www.kliofest.hr\/","rel":"","context":"Srodne objave","block_context":{"text":"Srodne objave","link":""},"img":{"alt_text":"","src":"","width":0,"height":0},"classes":[]},{"id":879,"url":"https:\/\/historiografija.hr\/?page_id=879","url_meta":{"origin":876,"position":1},"title":"Impresum","author":"admin","date":"17. svibnja 2012.","format":false,"excerpt":"Internetski portal Historiografija.hr namijenjen je uspostavljanju bolje komunikacije me\u0111u hrvatskim povjesni\u010darima i znanstvenicima op\u0107enito, kao i ja\u010danju na\u0161e komunikacije s kolegicama i kolegama u inozemstvu te stru\u010dnom i \u0161irom javnosti. U najve\u0107oj mogu\u0107oj mjeri donosit \u0107e obavijesti o objavama i predstavljanjima knjiga, najavama znanstvenih i stru\u010dnih skupova i seminara te\u2026","rel":"","context":"Srodne objave","block_context":{"text":"Srodne objave","link":""},"img":{"alt_text":"","src":"","width":0,"height":0},"classes":[]}],"_links":{"self":[{"href":"https:\/\/historiografija.hr\/index.php?rest_route=\/wp\/v2\/pages\/876","targetHints":{"allow":["GET"]}}],"collection":[{"href":"https:\/\/historiografija.hr\/index.php?rest_route=\/wp\/v2\/pages"}],"about":[{"href":"https:\/\/historiografija.hr\/index.php?rest_route=\/wp\/v2\/types\/page"}],"author":[{"embeddable":true,"href":"https:\/\/historiografija.hr\/index.php?rest_route=\/wp\/v2\/users\/1"}],"replies":[{"embeddable":true,"href":"https:\/\/historiografija.hr\/index.php?rest_route=%2Fwp%2Fv2%2Fcomments&post=876"}],"version-history":[{"count":78,"href":"https:\/\/historiografija.hr\/index.php?rest_route=\/wp\/v2\/pages\/876\/revisions"}],"predecessor-version":[{"id":48330,"href":"https:\/\/historiografija.hr\/index.php?rest_route=\/wp\/v2\/pages\/876\/revisions\/48330"}],"wp:attachment":[{"href":"https:\/\/historiografija.hr\/index.php?rest_route=%2Fwp%2Fv2%2Fmedia&parent=876"}],"curies":[{"name":"wp","href":"https:\/\/api.w.org\/{rel}","templated":true}]}}