{"id":872,"date":"2012-05-17T22:05:39","date_gmt":"2012-05-17T22:05:39","guid":{"rendered":"http:\/\/historiografija.hr\/?page_id=872"},"modified":"2026-01-14T21:42:27","modified_gmt":"2026-01-14T21:42:27","slug":"casopisi","status":"publish","type":"page","link":"https:\/\/historiografija.hr\/?page_id=872","title":{"rendered":"\u010casopisi"},"content":{"rendered":"<div style=\"padding-left: 10px;\">\n<div style=\"float: left; position: relative; width: 100%; padding-bottom: 5px;\">\n<p>ZNANSTVENI I STRU\u010cNI \u010cASOPISI<\/p>\n<p><a href=\"https:\/\/hrcak.srce.hr\/anali-dubrovnik\">Anali Zavoda za povijesne znanosti HAZU u Dubrovniku<\/a><\/p>\n<p><a href=\"https:\/\/hrcak.srce.hr\/arhivski-vjesnik\">Arhivski vjesnik<\/a><\/p>\n<p><a href=\"https:\/\/hrcak.srce.hr\/arhivi\">@arhivi<\/a><\/p>\n<p><a href=\"https:\/\/hrcak.srce.hr\/cris\">CRIS &#8211; \u010casopis Povijesnog dru\u0161tva Kri\u017eevci<\/a><\/p>\n<p><a href=\"https:\/\/hrcak.srce.hr\/ccp\">Croatica Christiana Periodica<\/a><\/p>\n<p><a href=\"https:\/\/hrcak.srce.hr\/cpzh\">\u010casopis za povijest Zapadne Hrvatske<\/a><\/p>\n<p><a href=\"https:\/\/hrcak.srce.hr\/casopis-za-suvremenu-povijest\">\u010casopis za suvremenu povijest<\/a><\/p>\n<p><a href=\"https:\/\/hrcak.srce.hr\/dubrovnik-annals\">Dubrovnik Annals<\/a><\/p>\n<p><a href=\"https:\/\/hrcak.srce.hr\/ekonomska-i-ekohistorija\">Ekonomska i ekohistorija<\/a><\/p>\n<p><a href=\"https:\/\/hrcak.srce.hr\/fontes\">Fontes<\/a><\/p>\n<p><a href=\"https:\/\/hrcak.srce.hr\/hz\">Historijski zbornik<\/a><\/p>\n<p><a href=\"https:\/\/hrcak.srce.hr\/flux\">History in Flux<\/a><\/p>\n<p><a href=\"https:\/\/hrcak.srce.hr\/histria\">Histria<\/a><\/p>\n<p><a href=\"https:\/\/hrcak.srce.hr\/latinaetgraeca\">Latina et Graeca<\/a><\/p>\n<p><a href=\"https:\/\/hrcak.srce.hr\/mhm\">Miscellanea Hadriatica et Mediterranea <\/a><\/p>\n<p><a href=\"https:\/\/hrcak.srce.hr\/osjecki-zbornik\">Osje\u010dki zbornik<\/a><\/p>\n<p><a href=\"https:\/\/hrcak.srce.hr\/pilar\">Pilar<\/a><\/p>\n<p><a href=\"https:\/\/hrcak.srce.hr\/podpljesivicki-granicari\">Podplje\u0161ivi\u010dki grani\u010dari<\/a><\/p>\n<p><a href=\"https:\/\/hrcak.srce.hr\/podravina\">Podravina<\/a><\/p>\n<p><a href=\"https:\/\/hrcak.srce.hr\/podravski-zbornik\">Podravski zbornik<\/a><\/p>\n<p><a href=\"https:\/\/hrcak.srce.hr\/povijesni-prilozi\">Povijesni prilozi<\/a><\/p>\n<p><a href=\"https:\/\/hrcak.srce.hr\/povijest-u-nastavi\">Povijest u nastavi<\/a><\/p>\n<p><a href=\"https:\/\/hrcak.srce.hr\/psj\">Problemi sjevernog Jadrana<\/a><\/p>\n<p><a href=\"https:\/\/hrcak.srce.hr\/quaderni\">Quaderni &#8211; \u010dasopis Centra za povijesna istra\u017eivanja u Rovinju<\/a><\/p>\n<p><a href=\"https:\/\/hrcak.srce.hr\/radovi-staroslavenskog-instituta\">Radovi Staroslavenskog instituta<\/a><\/p>\n<p><a href=\"https:\/\/hrcak.srce.hr\/radovi-zhp\">Radovi Zavoda za hrvatsku povijest<\/a><\/p>\n<p><a href=\"https:\/\/hrcak.srce.hr\/radovi-zavoda-za-povijesne-znanosti-hazu-zadar\">Radovi Zavoda za povijesne znanosti HAZU u Zadru<\/a><\/p>\n<p><a href=\"https:\/\/hrcak.srce.hr\/radovi-zavoda-za-znanstveni-rad-varazdin\">Radovi Zavoda za znanstveni rad Vara\u017edin<\/a><\/p>\n<p><a href=\"https:\/\/hrcak.srce.hr\/review-of-croatian-history\">Review of Croatian History<\/a><\/p>\n<p><a href=\"https:\/\/hrcak.srce.hr\/scrinia-slavonica\">Scrinia Slavonica<\/a><\/p>\n<p><a href=\"https:\/\/hrcak.srce.hr\/senjski-zbornik\">Senjski zbornik<\/a><\/p>\n<p><a href=\"https:\/\/hrcak.srce.hr\/starohrvatska-prosvjeta\">Starohrvatska prosvjeta<\/a><\/p>\n<p><a href=\"https:\/\/studialexicographica.lzmk.hr\/sl\/index\">Studia lexicographica<\/a><\/p>\n<p><a href=\"https:\/\/hrcak.srce.hr\/tabula\">Tabula: \u010dasopis Filozofskog fakulteta Sveu\u010dili\u0161ta Juraj Dobrila u Puli<\/a><\/p>\n<p><a href=\"https:\/\/hrcak.srce.hr\/tragovi\">Tragovi: \u010dasopis za srpske i hrvatske teme<\/a><\/p>\n<p><a href=\"https:\/\/hrcak.srce.hr\/tusculum\">Tusculum &#8211; \u010dasopis za solinske teme<\/a><\/p>\n<p><a href=\"https:\/\/hrcak.srce.hr\/vjesnik-amz\">Vjesnik Arheolo\u0161kog muzeja u Zagrebu<\/a><\/p>\n<p><a href=\"https:\/\/hrcak.srce.hr\/vahd\">Vjesnik za arheologiju i historiju dalmatinsku<\/a><\/p>\n<p><a href=\"https:\/\/hrcak.srce.hr\/vda\">Vjesnik dalmatinskih arhiva<\/a><\/p>\n<p><a href=\"https:\/\/hrcak.srce.hr\/vjesnikistarskogarhiva\">Vjesnik istarskog arhiva<\/a><\/p>\n<p><a href=\"https:\/\/hrcak.srce.hr\/jankovic\">Zbornik Jankovi\u0107<\/a><\/p>\n<p><a href=\"https:\/\/hrcak.srce.hr\/zbornik-lovranscine\">Zbornik Lovran\u0161\u0107ine<\/a><\/p>\n<p><a href=\"https:\/\/hrcak.srce.hr\/zbornik-opzzpdz-hazu\">Zbornik Odsjeka za povijesne znanosti Zavoda za povijesne i dru\u0161tvene znanosti HAZU<\/a><\/p>\n<\/div>\n<\/div>\n<div style=\"padding-left: 10px;\">\n<div style=\"float: left; position: relative; width: 100%; padding-bottom: 10px;\">\u00a0<\/div>\n<p>STUDENTSKI \u010cASOPISI<\/p>\n<div style=\"float: left; position: relative; width: 100%; padding-bottom: 5px;\"><a href=\"https:\/\/uspmalleus.wixsite.com\/malleus\/program\">Klepsidra<\/a><\/div>\n<div style=\"float: left; position: relative; width: 100%; padding-bottom: 5px;\"><a href=\"https:\/\/hrcak.srce.hr\/epulon\">Epulon<\/a><\/div>\n<div style=\"float: left; position: relative; width: 100%; padding-bottom: 10px;\"><a href=\"https:\/\/hrcak.srce.hr\/essehist\">Essehist<\/a><\/div>\n<div style=\"float: left; position: relative; width: 100%; padding-bottom: 10px;\"><a href=\"https:\/\/www.scribd.com\/lists\/4292914\/Zbornik-Lucius\">Lucius<\/a><\/div>\n<div style=\"float: left; position: relative; width: 100%; padding-bottom: 10px;\"><a href=\"https:\/\/hrcak.srce.hr\/ishasplitpleter\">Pleter<\/a><\/div>\n<div style=\"float: left; position: relative; width: 100%; padding-bottom: 5px;\"><a href=\"https:\/\/hrcak.srce.hr\/pro-tempore\">Pro Tempore<\/a><\/div>\n<div style=\"float: left; position: relative; width: 100%; padding-bottom: 5px;\"><a href=\"https:\/\/hrcak.srce.hr\/rostra\">Rostra<\/a><\/div>\n<\/div>\n\n\n<hr class=\"wp-block-separator has-css-opacity\"\/>\n","protected":false},"excerpt":{"rendered":"","protected":false},"author":1,"featured_media":0,"parent":0,"menu_order":0,"comment_status":"open","ping_status":"open","template":"","meta":{"_acf_changed":false,"jetpack_post_was_ever_published":false,"footnotes":""},"class_list":["post-872","page","type-page","status-publish","hentry"],"acf":[],"jetpack_sharing_enabled":true,"jetpack-related-posts":[],"_links":{"self":[{"href":"https:\/\/historiografija.hr\/index.php?rest_route=\/wp\/v2\/pages\/872","targetHints":{"allow":["GET"]}}],"collection":[{"href":"https:\/\/historiografija.hr\/index.php?rest_route=\/wp\/v2\/pages"}],"about":[{"href":"https:\/\/historiografija.hr\/index.php?rest_route=\/wp\/v2\/types\/page"}],"author":[{"embeddable":true,"href":"https:\/\/historiografija.hr\/index.php?rest_route=\/wp\/v2\/users\/1"}],"replies":[{"embeddable":true,"href":"https:\/\/historiografija.hr\/index.php?rest_route=%2Fwp%2Fv2%2Fcomments&post=872"}],"version-history":[{"count":73,"href":"https:\/\/historiografija.hr\/index.php?rest_route=\/wp\/v2\/pages\/872\/revisions"}],"predecessor-version":[{"id":50956,"href":"https:\/\/historiografija.hr\/index.php?rest_route=\/wp\/v2\/pages\/872\/revisions\/50956"}],"wp:attachment":[{"href":"https:\/\/historiografija.hr\/index.php?rest_route=%2Fwp%2Fv2%2Fmedia&parent=872"}],"curies":[{"name":"wp","href":"https:\/\/api.w.org\/{rel}","templated":true}]}}