{"id":6469,"date":"2017-10-20T07:29:54","date_gmt":"2017-10-20T07:29:54","guid":{"rendered":"http:\/\/historiografija.hr\/?page_id=6469"},"modified":"2017-10-20T07:29:54","modified_gmt":"2017-10-20T07:29:54","slug":"naslovnica-2","status":"publish","type":"page","link":"https:\/\/historiografija.hr\/","title":{"rendered":"Naslovnica 2"},"content":{"rendered":"","protected":false},"excerpt":{"rendered":"","protected":false},"author":1,"featured_media":0,"parent":0,"menu_order":0,"comment_status":"closed","ping_status":"closed","template":"template-frontpage.php","meta":{"_acf_changed":false,"jetpack_post_was_ever_published":false,"footnotes":""},"class_list":["post-6469","page","type-page","status-publish","hentry"],"acf":[],"jetpack_sharing_enabled":true,"jetpack-related-posts":[{"id":4219,"url":"https:\/\/historiografija.hr\/?page_id=4219","url_meta":{"origin":6469,"position":0},"title":"Kliofest","author":"admin","date":"8. svibnja 2017.","format":false,"excerpt":"TRINAESTI Festival povijesti KLIOFEST 2026. Trinaesti Festival povijesti Kliofest odr\u017eava se od 5. do 8. svibnja 2026. u Nacionalnoj i sveu\u010dili\u0161noj knji\u017enici u Zagrebu, kao i na nekoliko drugih lokacija u gradu. Cijeli program dostupan je na sljede\u0107oj poveznici: https:\/\/www.kliofest.hr\/","rel":"","context":"Srodne objave","block_context":{"text":"Srodne objave","link":""},"img":{"alt_text":"","src":"","width":0,"height":0},"classes":[]}],"_links":{"self":[{"href":"https:\/\/historiografija.hr\/index.php?rest_route=\/wp\/v2\/pages\/6469","targetHints":{"allow":["GET"]}}],"collection":[{"href":"https:\/\/historiografija.hr\/index.php?rest_route=\/wp\/v2\/pages"}],"about":[{"href":"https:\/\/historiografija.hr\/index.php?rest_route=\/wp\/v2\/types\/page"}],"author":[{"embeddable":true,"href":"https:\/\/historiografija.hr\/index.php?rest_route=\/wp\/v2\/users\/1"}],"replies":[{"embeddable":true,"href":"https:\/\/historiografija.hr\/index.php?rest_route=%2Fwp%2Fv2%2Fcomments&post=6469"}],"version-history":[{"count":1,"href":"https:\/\/historiografija.hr\/index.php?rest_route=\/wp\/v2\/pages\/6469\/revisions"}],"predecessor-version":[{"id":6470,"href":"https:\/\/historiografija.hr\/index.php?rest_route=\/wp\/v2\/pages\/6469\/revisions\/6470"}],"wp:attachment":[{"href":"https:\/\/historiografija.hr\/index.php?rest_route=%2Fwp%2Fv2%2Fmedia&parent=6469"}],"curies":[{"name":"wp","href":"https:\/\/api.w.org\/{rel}","templated":true}]}}