{"id":53236,"date":"2026-05-14T12:43:35","date_gmt":"2026-05-14T10:43:35","guid":{"rendered":"https:\/\/historiografija.hr\/?page_id=53236"},"modified":"2026-05-14T13:37:19","modified_gmt":"2026-05-14T11:37:19","slug":"casopisi","status":"publish","type":"page","link":"https:\/\/historiografija.hr\/?page_id=53236","title":{"rendered":"\u010casopisi"},"content":{"rendered":"<div id=\"hist-journals-2026\">\n<details class=\"hist-journal-accordion\" open=\"\">\n<summary class=\"hist-journal-summary\">\n<span class=\"hist-journal-section-title\">Op\u0107a povijest i historiografija <span class=\"hist-journal-section-count\">(12 \u010dasopisa)<\/span><\/span><br \/>\n<\/summary>\n<div class=\"hist-journal-panel\">\n<div class=\"hist-journal-grid\">\n<p><a class=\"hist-journal-card\" href=\"https:\/\/hrcak.srce.hr\/casopis-za-suvremenu-povijest\" target=\"_blank\" rel=\"noopener noreferrer\"><br \/>\n<span class=\"hist-journal-title\">\u010casopis za suvremenu povijest<\/span><br \/>\n<span class=\"hist-journal-meta\">Suvremena povijest<\/span><br \/>\n<\/a><\/p>\n<p><a class=\"hist-journal-card\" href=\"https:\/\/hrcak.srce.hr\/ekonomska-i-ekohistorija\" target=\"_blank\" rel=\"noopener noreferrer\"><br \/>\n<span class=\"hist-journal-title\">Ekonomska i ekohistorija<\/span><br \/>\n<span class=\"hist-journal-meta\">Ekonomska povijest, ekohistorija<\/span><br \/>\n<\/a><\/p>\n<p><a class=\"hist-journal-card\" href=\"https:\/\/hrcak.srce.hr\/hz\" target=\"_blank\" rel=\"noopener noreferrer\"><br \/>\n<span class=\"hist-journal-title\">Historijski zbornik<\/span><br \/>\n<span class=\"hist-journal-meta\">Op\u0107a historiografija<\/span><br \/>\n<\/a><\/p>\n<p><a class=\"hist-journal-card\" href=\"https:\/\/hrcak.srce.hr\/flux\" target=\"_blank\" rel=\"noopener noreferrer\"><br \/>\n<span class=\"hist-journal-title\">History in Flux<\/span><br \/>\n<span class=\"hist-journal-meta\">Povijest, suvremeni historiografski pristupi<\/span><br \/>\n<\/a><\/p>\n<p><a class=\"hist-journal-card\" href=\"https:\/\/hrcak.srce.hr\/pilar\" target=\"_blank\" rel=\"noopener noreferrer\"><br \/>\n<span class=\"hist-journal-title\">Pilar<\/span><br \/>\n<span class=\"hist-journal-meta\">Dru\u0161tvene i humanisti\u010dke teme<\/span><br \/>\n<\/a><\/p>\n<p><a class=\"hist-journal-card\" href=\"https:\/\/hrcak.srce.hr\/povijesni-prilozi\" target=\"_blank\" rel=\"noopener noreferrer\"><br \/>\n<span class=\"hist-journal-title\">Povijesni prilozi<\/span><br \/>\n<span class=\"hist-journal-meta\">Znanstveni povijesni \u010dasopis<\/span><br \/>\n<\/a><\/p>\n<p><a class=\"hist-journal-card\" href=\"https:\/\/hrcak.srce.hr\/povijest-u-nastavi\" target=\"_blank\" rel=\"noopener noreferrer\"><br \/>\n<span class=\"hist-journal-title\">Povijest u nastavi<\/span><br \/>\n<span class=\"hist-journal-meta\">Povijest, nastava, metodika<\/span><br \/>\n<\/a><\/p>\n<p><a class=\"hist-journal-card\" href=\"https:\/\/hrcak.srce.hr\/review-of-croatian-history\" target=\"_blank\" rel=\"noopener noreferrer\"><br \/>\n<span class=\"hist-journal-title\">Review of Croatian History<\/span><br \/>\n<span class=\"hist-journal-meta\">Hrvatska povijest, me\u0111unarodni kontekst<\/span><br \/>\n<\/a><\/p>\n<p><a class=\"hist-journal-card\" href=\"https:\/\/hrcak.srce.hr\/tragovi\" target=\"_blank\" rel=\"noopener noreferrer\"><br \/>\n<span class=\"hist-journal-title\">Tragovi: \u010dasopis za srpske i hrvatske teme<\/span><br \/>\n<span class=\"hist-journal-meta\">Povijest, dru\u0161tvo, hrvatsko-srpske teme<\/span><br \/>\n<\/a><\/p>\n<p><a class=\"hist-journal-card\" href=\"https:\/\/hrcak.srce.hr\/zbornik-opzzpdz-hazu\" target=\"_blank\" rel=\"noopener noreferrer\"><br \/>\n<span class=\"hist-journal-title\">Zbornik Odsjeka za povijesne znanosti Zavoda za povijesne i dru\u0161tvene znanosti HAZU<\/span><br \/>\n<span class=\"hist-journal-meta\">Povijesne znanosti<\/span><br \/>\n<\/a><\/p>\n<p><a class=\"hist-journal-card\" href=\"https:\/\/studialexicographica.lzmk.hr\/sl\/index\" target=\"_blank\" rel=\"noopener noreferrer\"><br \/>\n<span class=\"hist-journal-title\">Studia lexicographica<\/span><br \/>\n<span class=\"hist-journal-meta\">Leksikografija, humanistika, znanost<\/span><br \/>\n<\/a><\/p>\n<p><a class=\"hist-journal-card\" href=\"https:\/\/hrcak.srce.hr\/amha\" target=\"_blank\" rel=\"noopener noreferrer\"><br \/>\n<span class=\"hist-journal-title\">Acta medico-historica Adriatica<\/span><br \/>\n<span class=\"hist-journal-meta\">Povijest medicine i zdravstvene kulture<\/span><br \/>\n<\/a><\/p>\n<\/div>\n<\/div>\n<\/details>\n<details class=\"hist-journal-accordion\">\n<summary class=\"hist-journal-summary\">\n<span class=\"hist-journal-section-title\">Povijest Jadrana i Mediterana <span class=\"hist-journal-section-count\">(8 \u010dasopisa)<\/span><\/span><br \/>\n<\/summary>\n<div class=\"hist-journal-panel\">\n<div class=\"hist-journal-grid\">\n<p><a class=\"hist-journal-card\" href=\"https:\/\/hrcak.srce.hr\/anali-dubrovnik\" target=\"_blank\" rel=\"noopener noreferrer\"><br \/>\n<span class=\"hist-journal-title\">Anali Zavoda za povijesne znanosti HAZU u Dubrovniku<\/span><br \/>\n<span class=\"hist-journal-meta\">Povijest, Dubrovnik, Jadran<\/span><br \/>\n<\/a><\/p>\n<p><a class=\"hist-journal-card\" href=\"https:\/\/hrcak.srce.hr\/dubrovnik-annals\" target=\"_blank\" rel=\"noopener noreferrer\"><br \/>\n<span class=\"hist-journal-title\">Dubrovnik Annals<\/span><br \/>\n<span class=\"hist-journal-meta\">Dubrovnik, Jadran, me\u0111unarodni \u010dasopis<\/span><br \/>\n<\/a><\/p>\n<p><a class=\"hist-journal-card\" href=\"https:\/\/hrcak.srce.hr\/mhm\" target=\"_blank\" rel=\"noopener noreferrer\"><br \/>\n<span class=\"hist-journal-title\">Miscellanea Hadriatica et Mediterranea<\/span><br \/>\n<span class=\"hist-journal-meta\">Jadran, Mediteran, povijest i kultura<\/span><br \/>\n<\/a><\/p>\n<p><a class=\"hist-journal-card\" href=\"https:\/\/hrcak.srce.hr\/radovi-zavoda-za-povijesne-znanosti-hazu-zadar\" target=\"_blank\" rel=\"noopener noreferrer\"><br \/>\n<span class=\"hist-journal-title\">Radovi Zavoda za povijesne znanosti HAZU u Zadru<\/span><br \/>\n<span class=\"hist-journal-meta\">Povijest, Zadar, Jadran<\/span><br \/>\n<\/a><\/p>\n<p><a class=\"hist-journal-card\" href=\"https:\/\/hrcak.srce.hr\/psj\" target=\"_blank\" rel=\"noopener noreferrer\"><br \/>\n<span class=\"hist-journal-title\">Problemi sjevernog Jadrana<\/span><br \/>\n<span class=\"hist-journal-meta\">Sjeverni Jadran, povijest i kultura<\/span><br \/>\n<\/a><\/p>\n<p><a class=\"hist-journal-card\" href=\"https:\/\/hrcak.srce.hr\/quaderni\" target=\"_blank\" rel=\"noopener noreferrer\"><br \/>\n<span class=\"hist-journal-title\">Quaderni &#8211; \u010dasopis Centra za povijesna istra\u017eivanja u Rovinju<\/span><br \/>\n<span class=\"hist-journal-meta\">Istra, Rovinj, povijesna istra\u017eivanja<\/span><br \/>\n<\/a><\/p>\n<p><a class=\"hist-journal-card\" href=\"https:\/\/hrcak.srce.hr\/atti\" target=\"_blank\" rel=\"noopener noreferrer\"><br \/>\n<span class=\"hist-journal-title\">Atti<\/span><br \/>\n<span class=\"hist-journal-meta\">Istra, Rijeka, Kvarner, Dalmacija<\/span><br \/>\n<\/a><\/p>\n<p><a class=\"hist-journal-card\" href=\"https:\/\/hrcak.srce.hr\/tusculum\" target=\"_blank\" rel=\"noopener noreferrer\"><br \/>\n<span class=\"hist-journal-title\">Tusculum &#8211; \u010dasopis za solinske teme<\/span><br \/>\n<span class=\"hist-journal-meta\">Solin, lokalna povijest i ba\u0161tina<\/span><br \/>\n<\/a><\/p>\n<\/div>\n<\/div>\n<\/details>\n<details class=\"hist-journal-accordion\">\n<summary class=\"hist-journal-summary\">\n<span class=\"hist-journal-section-title\">Regionalna i zavi\u010dajna povijest <span class=\"hist-journal-section-count\">(14 \u010dasopisa)<\/span><\/span><br \/>\n<\/summary>\n<div class=\"hist-journal-panel\">\n<div class=\"hist-journal-grid\">\n<p><a class=\"hist-journal-card\" href=\"https:\/\/hrcak.srce.hr\/cris\" target=\"_blank\" rel=\"noopener noreferrer\"><br \/>\n<span class=\"hist-journal-title\">CRIS &#8211; \u010casopis Povijesnog dru\u0161tva Kri\u017eevci<\/span><br \/>\n<span class=\"hist-journal-meta\">Povijest, Kri\u017eevci, regionalna historiografija<\/span><br \/>\n<\/a><\/p>\n<p><a class=\"hist-journal-card\" href=\"https:\/\/hrcak.srce.hr\/cpzh\" target=\"_blank\" rel=\"noopener noreferrer\"><br \/>\n<span class=\"hist-journal-title\">\u010casopis za povijest Zapadne Hrvatske<\/span><br \/>\n<span class=\"hist-journal-meta\">Povijest zapadne Hrvatske<\/span><br \/>\n<\/a><\/p>\n<p><a class=\"hist-journal-card\" href=\"https:\/\/hrcak.srce.hr\/histria\" target=\"_blank\" rel=\"noopener noreferrer\"><br \/>\n<span class=\"hist-journal-title\">Histria<\/span><br \/>\n<span class=\"hist-journal-meta\">Istra, regionalna povijest<\/span><br \/>\n<\/a><\/p>\n<p><a class=\"hist-journal-card\" href=\"https:\/\/hrcak.srce.hr\/osjecki-zbornik\" target=\"_blank\" rel=\"noopener noreferrer\"><br \/>\n<span class=\"hist-journal-title\">Osje\u010dki zbornik<\/span><br \/>\n<span class=\"hist-journal-meta\">Osijek, Slavonija, ba\u0161tina<\/span><br \/>\n<\/a><\/p>\n<p><a class=\"hist-journal-card\" href=\"https:\/\/hrcak.srce.hr\/podpljesivicki-granicari\" target=\"_blank\" rel=\"noopener noreferrer\"><br \/>\n<span class=\"hist-journal-title\">Podplje\u0161ivi\u010dki grani\u010dari<\/span><br \/>\n<span class=\"hist-journal-meta\">Lika, zavi\u010dajna povijest<\/span><br \/>\n<\/a><\/p>\n<p><a class=\"hist-journal-card\" href=\"https:\/\/hrcak.srce.hr\/podravina\" target=\"_blank\" rel=\"noopener noreferrer\"><br \/>\n<span class=\"hist-journal-title\">Podravina<\/span><br \/>\n<span class=\"hist-journal-meta\">Podravina, regionalna povijest<\/span><br \/>\n<\/a><\/p>\n<p><a class=\"hist-journal-card\" href=\"https:\/\/hrcak.srce.hr\/podravski-zbornik\" target=\"_blank\" rel=\"noopener noreferrer\"><br \/>\n<span class=\"hist-journal-title\">Podravski zbornik<\/span><br \/>\n<span class=\"hist-journal-meta\">Podravina, zavi\u010dajna povijest<\/span><br \/>\n<\/a><\/p>\n<p><a class=\"hist-journal-card\" href=\"https:\/\/hrcak.srce.hr\/radovi-zavoda-za-znanstveni-rad-varazdin\" target=\"_blank\" rel=\"noopener noreferrer\"><br \/>\n<span class=\"hist-journal-title\">Radovi Zavoda za znanstveni rad Vara\u017edin<\/span><br \/>\n<span class=\"hist-journal-meta\">Vara\u017edin, regionalna povijest i kultura<\/span><br \/>\n<\/a><\/p>\n<p><a class=\"hist-journal-card\" href=\"https:\/\/hrcak.srce.hr\/scrinia-slavonica\" target=\"_blank\" rel=\"noopener noreferrer\"><br \/>\n<span class=\"hist-journal-title\">Scrinia Slavonica<\/span><br \/>\n<span class=\"hist-journal-meta\">Slavonija, Srijem, Baranja, povijest<\/span><br \/>\n<\/a><\/p>\n<p><a class=\"hist-journal-card\" href=\"https:\/\/hrcak.srce.hr\/tabula\" target=\"_blank\" rel=\"noopener noreferrer\"><br \/>\n<span class=\"hist-journal-title\">Tabula: \u010dasopis Filozofskog fakulteta Sveu\u010dili\u0161ta Juraj Dobrila u Puli<\/span><br \/>\n<span class=\"hist-journal-meta\">Pula, Istra, humanisti\u010dke znanosti<\/span><br \/>\n<\/a><\/p>\n<p><a class=\"hist-journal-card\" href=\"https:\/\/hrcak.srce.hr\/jankovic\" target=\"_blank\" rel=\"noopener noreferrer\"><br \/>\n<span class=\"hist-journal-title\">Zbornik Jankovi\u0107<\/span><br \/>\n<span class=\"hist-journal-meta\">Zavi\u010dajna povijest i kultura<\/span><br \/>\n<\/a><\/p>\n<p><a class=\"hist-journal-card\" href=\"https:\/\/hrcak.srce.hr\/zbornik-lovranscine\" target=\"_blank\" rel=\"noopener noreferrer\"><br \/>\n<span class=\"hist-journal-title\">Zbornik Lovran\u0161\u0107ine<\/span><br \/>\n<span class=\"hist-journal-meta\">Lovran, lokalna povijest i ba\u0161tina<\/span><br \/>\n<\/a><\/p>\n<p><a class=\"hist-journal-card\" href=\"https:\/\/hrcak.srce.hr\/hercegovina\" target=\"_blank\" rel=\"noopener noreferrer\"><br \/>\n<span class=\"hist-journal-title\">Hercegovina<\/span><br \/>\n<span class=\"hist-journal-meta\">Hercegovina, povijest i kulturna ba\u0161tina<\/span><br \/>\n<\/a><\/p>\n<p><a class=\"hist-journal-card\" href=\"https:\/\/hrcak.srce.hr\/senjski-zbornik\" target=\"_blank\" rel=\"noopener noreferrer\"><br \/>\n<span class=\"hist-journal-title\">Senjski zbornik<\/span><br \/>\n<span class=\"hist-journal-meta\">Senj, primorje, lokalna povijest<\/span><br \/>\n<\/a><\/p>\n<\/div>\n<\/div>\n<\/details>\n<details class=\"hist-journal-accordion\">\n<summary class=\"hist-journal-summary\">\n<span class=\"hist-journal-section-title\">Arhivistika, izvori i pomo\u0107ne povijesne znanosti <span class=\"hist-journal-section-count\">(7 \u010dasopisa)<\/span><\/span><br \/>\n<\/summary>\n<div class=\"hist-journal-panel\">\n<div class=\"hist-journal-grid\">\n<p><a class=\"hist-journal-card\" href=\"https:\/\/hrcak.srce.hr\/arhivski-vjesnik\" target=\"_blank\" rel=\"noopener noreferrer\"><br \/>\n<span class=\"hist-journal-title\">Arhivski vjesnik<\/span><br \/>\n<span class=\"hist-journal-meta\">Arhivistika, izvori, arhivi<\/span><br \/>\n<\/a><\/p>\n<p><a class=\"hist-journal-card\" href=\"https:\/\/hrcak.srce.hr\/arhivi\" target=\"_blank\" rel=\"noopener noreferrer\"><br \/>\n<span class=\"hist-journal-title\">@arhivi<\/span><br \/>\n<span class=\"hist-journal-meta\">Arhivska praksa i javna povijest<\/span><br \/>\n<\/a><\/p>\n<p><a class=\"hist-journal-card\" href=\"https:\/\/hrcak.srce.hr\/fontes\" target=\"_blank\" rel=\"noopener noreferrer\"><br \/>\n<span class=\"hist-journal-title\">Fontes<\/span><br \/>\n<span class=\"hist-journal-meta\">Povijesni izvori<\/span><br \/>\n<\/a><\/p>\n<p><a class=\"hist-journal-card\" href=\"https:\/\/hrcak.srce.hr\/vda\" target=\"_blank\" rel=\"noopener noreferrer\"><br \/>\n<span class=\"hist-journal-title\">Vjesnik dalmatinskih arhiva<\/span><br \/>\n<span class=\"hist-journal-meta\">Arhivi, Dalmacija, izvori<\/span><br \/>\n<\/a><\/p>\n<p><a class=\"hist-journal-card\" href=\"https:\/\/hrcak.srce.hr\/vjesnikistarskogarhiva\" target=\"_blank\" rel=\"noopener noreferrer\"><br \/>\n<span class=\"hist-journal-title\">Vjesnik istarskog arhiva<\/span><br \/>\n<span class=\"hist-journal-meta\">Arhivistika, Istra, izvori<\/span><br \/>\n<\/a><\/p>\n<p><a class=\"hist-journal-card\" href=\"https:\/\/hrcak.srce.hr\/adacta\" target=\"_blank\" rel=\"noopener noreferrer\"><br \/>\n<span class=\"hist-journal-title\">Ad Acta<\/span><br \/>\n<span class=\"hist-journal-meta\">Povijest, arhivistika, informacijske znanosti<\/span><br \/>\n<\/a><\/p>\n<p><a class=\"hist-journal-card\" href=\"https:\/\/hrcak.srce.hr\/numizmatickevijesti\" target=\"_blank\" rel=\"noopener noreferrer\"><br \/>\n<span class=\"hist-journal-title\">Numizmati\u010dke vijesti<\/span><br \/>\n<span class=\"hist-journal-meta\">Numizmatika, arheologija, pomo\u0107ne povijesne znanosti<\/span><br \/>\n<\/a><\/p>\n<\/div>\n<\/div>\n<\/details>\n<details class=\"hist-journal-accordion\">\n<summary class=\"hist-journal-summary\">\n<span class=\"hist-journal-section-title\">Crkvena povijest, antika i filologija <span class=\"hist-journal-section-count\">(4 \u010dasopisa)<\/span><\/span><br \/>\n<\/summary>\n<div class=\"hist-journal-panel\">\n<div class=\"hist-journal-grid\">\n<p><a class=\"hist-journal-card\" href=\"https:\/\/hrcak.srce.hr\/ccp\" target=\"_blank\" rel=\"noopener noreferrer\"><br \/>\n<span class=\"hist-journal-title\">Croatica Christiana Periodica<\/span><br \/>\n<span class=\"hist-journal-meta\">Crkvena povijest, kr\u0161\u0107anstvo, kultura<\/span><br \/>\n<\/a><\/p>\n<p><a class=\"hist-journal-card\" href=\"https:\/\/hrcak.srce.hr\/latinaetgraeca\" target=\"_blank\" rel=\"noopener noreferrer\"><br \/>\n<span class=\"hist-journal-title\">Latina et Graeca<\/span><br \/>\n<span class=\"hist-journal-meta\">Antika, klasi\u010dni jezici, kultura<\/span><br \/>\n<\/a><\/p>\n<p><a class=\"hist-journal-card\" href=\"https:\/\/hrcak.srce.hr\/radovi-staroslavenskog-instituta\" target=\"_blank\" rel=\"noopener noreferrer\"><br \/>\n<span class=\"hist-journal-title\">Radovi Staroslavenskog instituta<\/span><br \/>\n<span class=\"hist-journal-meta\">Staroslavistika, srednjovjekovna kultura<\/span><br \/>\n<\/a><\/p>\n<p><a class=\"hist-journal-card\" href=\"https:\/\/hrcak.srce.hr\/slovo\" target=\"_blank\" rel=\"noopener noreferrer\"><br \/>\n<span class=\"hist-journal-title\">Slovo<\/span><br \/>\n<span class=\"hist-journal-meta\">Paleoslavistika, glagolja\u0161tvo, srednjovjekovna kultura<\/span><br \/>\n<\/a><\/p>\n<\/div>\n<\/div>\n<\/details>\n<details class=\"hist-journal-accordion\">\n<summary class=\"hist-journal-summary\">\n<span class=\"hist-journal-section-title\">Arheologija, ba\u0161tina i povijest umjetnosti <span class=\"hist-journal-section-count\">(12 \u010dasopisa)<\/span><\/span><br \/>\n<\/summary>\n<div class=\"hist-journal-panel\">\n<div class=\"hist-journal-grid\">\n<p><a class=\"hist-journal-card\" href=\"https:\/\/hrcak.srce.hr\/adriatica\" target=\"_blank\" rel=\"noopener noreferrer\"><br \/>\n<span class=\"hist-journal-title\">Archaeologia Adriatica<\/span><br \/>\n<span class=\"hist-journal-meta\">Arheologija, Jadran, ba\u0161tina<\/span><br \/>\n<\/a><\/p>\n<p><a class=\"hist-journal-card\" href=\"https:\/\/hrcak.srce.hr\/prilozi-iaz\" target=\"_blank\" rel=\"noopener noreferrer\"><br \/>\n<span class=\"hist-journal-title\">Prilozi Instituta za arheologiju u Zagrebu<\/span><br \/>\n<span class=\"hist-journal-meta\">Arheologija<\/span><br \/>\n<\/a><\/p>\n<p><a class=\"hist-journal-card\" href=\"https:\/\/hrcak.srce.hr\/diadora\" target=\"_blank\" rel=\"noopener noreferrer\"><br \/>\n<span class=\"hist-journal-title\">Diadora<\/span><br \/>\n<span class=\"hist-journal-meta\">Arheologija, povijest umjetnosti, povijest<\/span><br \/>\n<\/a><\/p>\n<p><a class=\"hist-journal-card\" href=\"https:\/\/hrcak.srce.hr\/histriaarchaeologica\" target=\"_blank\" rel=\"noopener noreferrer\"><br \/>\n<span class=\"hist-journal-title\">Histria archaeologica<\/span><br \/>\n<span class=\"hist-journal-meta\">Arheologija, povijest, povijest umjetnosti<\/span><br \/>\n<\/a><\/p>\n<p><a class=\"hist-journal-card\" href=\"https:\/\/hrcak.srce.hr\/ham\" target=\"_blank\" rel=\"noopener noreferrer\"><br \/>\n<span class=\"hist-journal-title\">Hortus Artium Medievalium<\/span><br \/>\n<span class=\"hist-journal-meta\">Srednji vijek, arheologija, povijest umjetnosti<\/span><br \/>\n<\/a><\/p>\n<p><a class=\"hist-journal-card\" href=\"https:\/\/hrcak.srce.hr\/radovi-ipu\" target=\"_blank\" rel=\"noopener noreferrer\"><br \/>\n<span class=\"hist-journal-title\">Radovi Instituta za povijest umjetnosti<\/span><br \/>\n<span class=\"hist-journal-meta\">Povijest umjetnosti i ba\u0161tina<\/span><br \/>\n<\/a><\/p>\n<p><a class=\"hist-journal-card\" href=\"https:\/\/hrcak.srce.hr\/peristil\" target=\"_blank\" rel=\"noopener noreferrer\"><br \/>\n<span class=\"hist-journal-title\">Peristil<\/span><br \/>\n<span class=\"hist-journal-meta\">Povijest umjetnosti i srodne discipline<\/span><br \/>\n<\/a><\/p>\n<p><a class=\"hist-journal-card\" href=\"https:\/\/hrcak.srce.hr\/portal\" target=\"_blank\" rel=\"noopener noreferrer\"><br \/>\n<span class=\"hist-journal-title\">Portal<\/span><br \/>\n<span class=\"hist-journal-meta\">Konzervacija, restauracija, ba\u0161tina<\/span><br \/>\n<\/a><\/p>\n<p><a class=\"hist-journal-card\" href=\"https:\/\/hrcak.srce.hr\/starohrvatska-prosvjeta\" target=\"_blank\" rel=\"noopener noreferrer\"><br \/>\n<span class=\"hist-journal-title\">Starohrvatska prosvjeta<\/span><br \/>\n<span class=\"hist-journal-meta\">Arheologija, srednji vijek, hrvatska ba\u0161tina<\/span><br \/>\n<\/a><\/p>\n<p><a class=\"hist-journal-card\" href=\"https:\/\/hrcak.srce.hr\/vjesnik-amz\" target=\"_blank\" rel=\"noopener noreferrer\"><br \/>\n<span class=\"hist-journal-title\">Vjesnik Arheolo\u0161kog muzeja u Zagrebu<\/span><br \/>\n<span class=\"hist-journal-meta\">Arheologija, muzejska gra\u0111a<\/span><br \/>\n<\/a><\/p>\n<p><a class=\"hist-journal-card\" href=\"https:\/\/hrcak.srce.hr\/vahd\" target=\"_blank\" rel=\"noopener noreferrer\"><br \/>\n<span class=\"hist-journal-title\">Vjesnik za arheologiju i historiju dalmatinsku<\/span><br \/>\n<span class=\"hist-journal-meta\">Arheologija, Dalmacija, povijest<\/span><br \/>\n<\/a><\/p>\n<p><a class=\"hist-journal-card\" href=\"https:\/\/hrcak.srce.hr\/kulturna-bastina\" target=\"_blank\" rel=\"noopener noreferrer\"><br \/>\n<span class=\"hist-journal-title\">Kulturna ba\u0161tina<\/span><br \/>\n<span class=\"hist-journal-meta\">Povijest umjetnosti, arheologija, povijest<\/span><br \/>\n<\/a><\/p>\n<\/div>\n<\/div>\n<\/details>\n<details class=\"hist-journal-accordion\">\n<summary class=\"hist-journal-summary\">\n<span class=\"hist-journal-section-title\">Studentski \u010dasopisi <span class=\"hist-journal-section-count\">(7 \u010dasopisa)<\/span><\/span><br \/>\n<\/summary>\n<div class=\"hist-journal-panel\">\n<div class=\"hist-journal-grid\">\n<p><a class=\"hist-journal-card\" href=\"https:\/\/uspmalleus.wixsite.com\/malleus\/program\" target=\"_blank\" rel=\"noopener noreferrer\"><br \/>\n<span class=\"hist-journal-title\">Klepsidra<\/span><br \/>\n<span class=\"hist-journal-meta\">Studentski \u010dasopis<\/span><br \/>\n<\/a><\/p>\n<p><a class=\"hist-journal-card\" href=\"https:\/\/hrcak.srce.hr\/epulon\" target=\"_blank\" rel=\"noopener noreferrer\"><br \/>\n<span class=\"hist-journal-title\">Epulon<\/span><br \/>\n<span class=\"hist-journal-meta\">Studentski \u010dasopis<\/span><br \/>\n<\/a><\/p>\n<p><a class=\"hist-journal-card\" href=\"https:\/\/hrcak.srce.hr\/essehist\" target=\"_blank\" rel=\"noopener noreferrer\"><br \/>\n<span class=\"hist-journal-title\">Essehist<\/span><br \/>\n<span class=\"hist-journal-meta\">Studentski \u010dasopis<\/span><br \/>\n<\/a><\/p>\n<p><a class=\"hist-journal-card\" href=\"https:\/\/www.scribd.com\/lists\/4292914\/Zbornik-Lucius\" target=\"_blank\" rel=\"noopener noreferrer\"><br \/>\n<span class=\"hist-journal-title\">Lucius<\/span><br \/>\n<span class=\"hist-journal-meta\">Studentski \u010dasopis<\/span><br \/>\n<\/a><\/p>\n<p><a class=\"hist-journal-card\" href=\"https:\/\/hrcak.srce.hr\/ishasplitpleter\" target=\"_blank\" rel=\"noopener noreferrer\"><br \/>\n<span class=\"hist-journal-title\">Pleter<\/span><br \/>\n<span class=\"hist-journal-meta\">Studentski \u010dasopis<\/span><br \/>\n<\/a><\/p>\n<p><a class=\"hist-journal-card\" href=\"https:\/\/hrcak.srce.hr\/pro-tempore\" target=\"_blank\" rel=\"noopener noreferrer\"><br \/>\n<span class=\"hist-journal-title\">Pro Tempore<\/span><br \/>\n<span class=\"hist-journal-meta\">Studentski \u010dasopis<\/span><br \/>\n<\/a><\/p>\n<p><a class=\"hist-journal-card\" href=\"https:\/\/hrcak.srce.hr\/rostra\" target=\"_blank\" rel=\"noopener noreferrer\"><br \/>\n<span class=\"hist-journal-title\">Rostra<\/span><br \/>\n<span class=\"hist-journal-meta\">Studentski \u010dasopis<\/span><br \/>\n<\/a><\/p>\n<\/div>\n<\/div>\n<\/details>\n<\/div>\n","protected":false},"excerpt":{"rendered":"","protected":false},"author":6,"featured_media":0,"parent":0,"menu_order":0,"comment_status":"closed","ping_status":"closed","template":"","meta":{"_acf_changed":false,"jetpack_post_was_ever_published":true,"footnotes":""},"class_list":["post-53236","page","type-page","status-publish","hentry"],"acf":[],"jetpack_sharing_enabled":true,"jetpack-related-posts":[{"id":886,"url":"https:\/\/historiografija.hr\/?page_id=886","url_meta":{"origin":53236,"position":0},"title":"Historijski zbornik","author":"admin","date":"17. svibnja 2012.","format":false,"excerpt":"Historijski zbornik, \u010dasopis Dru\u0161tva za hrvatsku povjesnicu, kontinuirano izlazi od 1948. godine. Na poveznici http:\/\/hrcak.srce.hr\/hz svi zainteresirani mogu pogledati tekstove koji su objavljeni od samog po\u010detka izla\u017eenja \u010dasopisa do danas. Historijski zbornik bio je niz godina izravno povezan s portalom Historiografija.hr te su mnogobrojni prikazi, osvrti i polemike bili prvotno\u2026","rel":"","context":"Srodne objave","block_context":{"text":"Srodne objave","link":""},"img":{"alt_text":"","src":"","width":0,"height":0},"classes":[]},{"id":879,"url":"https:\/\/historiografija.hr\/?page_id=879","url_meta":{"origin":53236,"position":1},"title":"Impresum","author":"admin","date":"17. svibnja 2012.","format":false,"excerpt":"Internetski portal Historiografija.hr namijenjen je uspostavljanju bolje komunikacije me\u0111u hrvatskim povjesni\u010darima i znanstvenicima op\u0107enito, kao i ja\u010danju na\u0161e komunikacije s kolegicama i kolegama u inozemstvu te stru\u010dnom i \u0161irom javnosti. U najve\u0107oj mogu\u0107oj mjeri donosit \u0107e obavijesti o objavama i predstavljanjima knjiga, najavama znanstvenih i stru\u010dnih skupova i seminara te\u2026","rel":"","context":"Srodne objave","block_context":{"text":"Srodne objave","link":""},"img":{"alt_text":"","src":"","width":0,"height":0},"classes":[]},{"id":874,"url":"https:\/\/historiografija.hr\/?page_id=874","url_meta":{"origin":53236,"position":2},"title":"Arhivi","author":"admin","date":"17. svibnja 2012.","format":false,"excerpt":"Arhivi u Hrvatskoj Arhivi u svijetu Hrvatski dr\u017eavni arhivPoveznica: http:\/\/www.arhiv.hr\/hr-hr\/ Dr\u017eavni arhiv BjelovarPoveznica: https:\/\/www.dabj.hr\/ Dr\u017eavni arhiv DubrovnikPoveznica: http:\/\/www.dad.hr\/ Dr\u017eavni arhiv Gospi\u0107Poveznica: http:\/\/www.arhiv-gospic.hr\/ Dr\u017eavni arhiv KarlovacPoveznica: https:\/\/www.da-ka.hr\/ Dr\u017eavni arhiv za Me\u0111imurjePoveznica: https:\/\/dram.hr\/ Dr\u017eavni arhiv OsijekPoveznica: http:\/\/www.dao.hr\/ Dr\u017eavni arhiv PazinPoveznica: http:\/\/www.dapa.hr Dr\u017eavni arhiv Po\u017eegaPoveznica: https:\/\/www.dapz.hr\/ Dr\u017eavni arhiv RijekaPoveznica: http:\/\/www.riarhiv.hr\/ Dr\u017eavni arhiv SisakPoveznica:\u2026","rel":"","context":"Srodne objave","block_context":{"text":"Srodne objave","link":""},"img":{"alt_text":"","src":"","width":0,"height":0},"classes":[]}],"_links":{"self":[{"href":"https:\/\/historiografija.hr\/index.php?rest_route=\/wp\/v2\/pages\/53236","targetHints":{"allow":["GET"]}}],"collection":[{"href":"https:\/\/historiografija.hr\/index.php?rest_route=\/wp\/v2\/pages"}],"about":[{"href":"https:\/\/historiografija.hr\/index.php?rest_route=\/wp\/v2\/types\/page"}],"author":[{"embeddable":true,"href":"https:\/\/historiografija.hr\/index.php?rest_route=\/wp\/v2\/users\/6"}],"replies":[{"embeddable":true,"href":"https:\/\/historiografija.hr\/index.php?rest_route=%2Fwp%2Fv2%2Fcomments&post=53236"}],"version-history":[{"count":12,"href":"https:\/\/historiografija.hr\/index.php?rest_route=\/wp\/v2\/pages\/53236\/revisions"}],"predecessor-version":[{"id":53280,"href":"https:\/\/historiografija.hr\/index.php?rest_route=\/wp\/v2\/pages\/53236\/revisions\/53280"}],"wp:attachment":[{"href":"https:\/\/historiografija.hr\/index.php?rest_route=%2Fwp%2Fv2%2Fmedia&parent=53236"}],"curies":[{"name":"wp","href":"https:\/\/api.w.org\/{rel}","templated":true}]}}