{"id":49796,"date":"2025-11-21T23:21:17","date_gmt":"2025-11-21T23:21:17","guid":{"rendered":"https:\/\/historiografija.hr\/?page_id=49796"},"modified":"2026-01-05T20:19:02","modified_gmt":"2026-01-05T20:19:02","slug":"suocavanje-s-prosloscu-kultura-sjecanja-politike-povijesti","status":"publish","type":"page","link":"https:\/\/historiografija.hr\/?page_id=49796","title":{"rendered":"Suo\u010davanje s pro\u0161lo\u0161\u0107u \/ kultura sje\u0107anja \/ politike povijesti"},"content":{"rendered":"\n<div class=\"wp-block-columns is-layout-flex wp-container-core-columns-is-layout-9d6595d7 wp-block-columns-is-layout-flex\">\n<div class=\"wp-block-column is-layout-flow wp-block-column-is-layout-flow\" style=\"flex-basis:100%\" id=\"leadeutsch\"> \r\n\r\n<div \r\n    class=\"align wp-block-peb-pdf-embed\" \r\n    id=\"pebPDFEmbed-2\" \r\n    data-props=\"{&quot;attributes&quot;:{&quot;cId&quot;:&quot;d3f3d4bc-b&quot;,&quot;file&quot;:{&quot;id&quot;:49371,&quot;url&quot;:&quot;https:\\\/\\\/historiografija.hr\\\/wp-content\\\/uploads\\\/2025\\\/11\\\/Lea-Deutsch-knjizica-web.pdf&quot;,&quot;alt&quot;:&quot;&quot;,&quot;title&quot;:&quot;Lea Deutsch - knjiz\\u030cica - web&quot;},&quot;align&quot;:&quot;&quot;,&quot;config&quot;:{&quot;embedMode&quot;:&quot;SIZED_CONTAINER&quot;},&quot;options&quot;:{&quot;showDownloadPDF&quot;:false,&quot;showPrintPDF&quot;:false,&quot;showFullScreen&quot;:true},&quot;alignment&quot;:&quot;center&quot;,&quot;width&quot;:&quot;100%&quot;,&quot;height&quot;:&quot;469px&quot;,&quot;padding&quot;:{&quot;side&quot;:4},&quot;margin&quot;:{&quot;side&quot;:4},&quot;border&quot;:{&quot;radius&quot;:&quot;0px&quot;,&quot;style&quot;:&quot;solid&quot;,&quot;color&quot;:&quot;#dadada&quot;,&quot;width&quot;:&quot;1px&quot;},&quot;shadow&quot;:[]},&quot;pebAPIKey&quot;:&quot;7e7f1316158d4098a6cea24196b718bf&quot;}\" \r\n>\r\n<\/div><\/div>\n<\/div>\n\n\n\n<div class=\"wp-block-buttons is-horizontal is-content-justification-right is-layout-flex wp-container-core-buttons-is-layout-ae2fe186 wp-block-buttons-is-layout-flex\">\n<div class=\"wp-block-button has-custom-width wp-block-button__width-25 has-custom-font-size is-style-fill has-small-font-size\"><a class=\"wp-block-button__link has-white-color has-dark-gray-background-color has-text-color has-background has-link-color has-text-align-center wp-element-button\" href=\"https:\/\/historiografija.hr\/wp-content\/uploads\/2025\/11\/Lea-Deutsch-knjizica-web.pdf\" style=\"border-radius:26px\">Preuzmi<\/a><\/div>\n<\/div>\n\n\n\n<hr class=\"wp-block-separator has-alpha-channel-opacity\"\/>\n\n\n\n<div class=\"wp-block-columns is-layout-flex wp-container-core-columns-is-layout-9d6595d7 wp-block-columns-is-layout-flex\">\n<div class=\"wp-block-column is-layout-flow wp-block-column-is-layout-flow\" style=\"flex-basis:100%\" id=\"pricajteto\"> \r\n\r\n<div \r\n    class=\"align wp-block-peb-pdf-embed\" \r\n    id=\"pebPDFEmbed-3\" \r\n    data-props=\"{&quot;attributes&quot;:{&quot;cId&quot;:&quot;7c6fa7a4-3&quot;,&quot;file&quot;:{&quot;id&quot;:49797,&quot;url&quot;:&quot;https:\\\/\\\/historiografija.hr\\\/wp-content\\\/uploads\\\/2025\\\/11\\\/Pricajte_to_svojoj_djeci_za_web.pdf&quot;,&quot;alt&quot;:&quot;&quot;,&quot;title&quot;:&quot;Pric\\u030cajte_to_svojoj_djeci_za_web&quot;},&quot;align&quot;:&quot;&quot;,&quot;config&quot;:{&quot;embedMode&quot;:&quot;SIZED_CONTAINER&quot;},&quot;options&quot;:{&quot;showDownloadPDF&quot;:false,&quot;showPrintPDF&quot;:false,&quot;showFullScreen&quot;:true},&quot;alignment&quot;:&quot;center&quot;,&quot;width&quot;:&quot;100%&quot;,&quot;height&quot;:&quot;469px&quot;,&quot;padding&quot;:{&quot;side&quot;:4},&quot;margin&quot;:{&quot;side&quot;:4},&quot;border&quot;:{&quot;radius&quot;:&quot;0px&quot;,&quot;style&quot;:&quot;solid&quot;,&quot;color&quot;:&quot;#dadada&quot;,&quot;width&quot;:&quot;1px&quot;},&quot;shadow&quot;:[]},&quot;pebAPIKey&quot;:&quot;7e7f1316158d4098a6cea24196b718bf&quot;}\" \r\n>\r\n<\/div><\/div>\n<\/div>\n\n\n\n<div class=\"wp-block-buttons is-horizontal is-content-justification-right is-layout-flex wp-container-core-buttons-is-layout-ae2fe186 wp-block-buttons-is-layout-flex\">\n<div class=\"wp-block-button has-custom-width wp-block-button__width-25 has-custom-font-size is-style-fill has-small-font-size\"><a class=\"wp-block-button__link has-white-color has-dark-gray-background-color has-text-color has-background has-link-color has-text-align-center wp-element-button\" href=\"https:\/\/historiografija.hr\/wp-content\/uploads\/2025\/11\/Pricajte_to_svojoj_djeci_za_web.pdf\" style=\"border-radius:26px\">Preuzmi<\/a><\/div>\n<\/div>\n\n\n\n<hr class=\"wp-block-separator has-alpha-channel-opacity\"\/>\n\n\n \r\n\r\n<div \r\n    class=\"align wp-block-peb-pdf-embed\" \r\n    id=\"pebPDFEmbed-4\" \r\n    data-props=\"{&quot;attributes&quot;:{&quot;cId&quot;:&quot;5102ebcb-0&quot;,&quot;file&quot;:{&quot;id&quot;:50729,&quot;title&quot;:&quot;Zla_proslost&quot;,&quot;filename&quot;:&quot;Zla_proslost.pdf&quot;,&quot;url&quot;:&quot;https:\\\/\\\/historiografija.hr\\\/wp-content\\\/uploads\\\/2026\\\/01\\\/Zla_proslost.pdf&quot;,&quot;link&quot;:&quot;https:\\\/\\\/historiografija.hr\\\/?attachment_id=50729&quot;,&quot;alt&quot;:&quot;&quot;,&quot;author&quot;:&quot;2&quot;,&quot;description&quot;:&quot;&quot;,&quot;caption&quot;:&quot;&quot;,&quot;name&quot;:&quot;zla_proslost&quot;,&quot;status&quot;:&quot;inherit&quot;,&quot;uploadedTo&quot;:49796,&quot;date&quot;:&quot;2026-01-05T19:18:06.000Z&quot;,&quot;modified&quot;:&quot;2026-01-05T19:18:06.000Z&quot;,&quot;menuOrder&quot;:0,&quot;mime&quot;:&quot;application\\\/pdf&quot;,&quot;type&quot;:&quot;application&quot;,&quot;subtype&quot;:&quot;pdf&quot;,&quot;icon&quot;:&quot;https:\\\/\\\/historiografija.hr\\\/wp-includes\\\/images\\\/media\\\/document.svg&quot;,&quot;dateFormatted&quot;:&quot;5. sije\\u010dnja 2026.&quot;,&quot;nonces&quot;:{&quot;update&quot;:&quot;62bfbdf40b&quot;,&quot;delete&quot;:&quot;28deb80d2d&quot;,&quot;edit&quot;:&quot;c95b224540&quot;},&quot;editLink&quot;:&quot;https:\\\/\\\/historiografija.hr\\\/wp-admin\\\/post.php?post=50729&amp;action=edit&quot;,&quot;meta&quot;:false,&quot;authorName&quot;:&quot;Branimir Jankovi\\u0107&quot;,&quot;authorLink&quot;:&quot;https:\\\/\\\/historiografija.hr\\\/wp-admin\\\/profile.php&quot;,&quot;uploadedToTitle&quot;:&quot;Suo\\u010davanje s pro\\u0161lo\\u0161\\u0107u \\\/ kultura sje\\u0107anja \\\/ politike povijesti&quot;,&quot;uploadedToLink&quot;:&quot;https:\\\/\\\/historiografija.hr\\\/wp-admin\\\/post.php?post=49796&amp;action=edit&quot;,&quot;filesizeInBytes&quot;:2009580,&quot;filesizeHumanReadable&quot;:&quot;2 MB&quot;,&quot;context&quot;:&quot;&quot;,&quot;sizes&quot;:{&quot;thumbnail&quot;:{&quot;height&quot;:150,&quot;width&quot;:107,&quot;url&quot;:&quot;https:\\\/\\\/historiografija.hr\\\/wp-content\\\/uploads\\\/2026\\\/01\\\/Zla_proslost-pdf-107x150.jpg&quot;,&quot;orientation&quot;:&quot;portrait&quot;},&quot;medium&quot;:{&quot;height&quot;:300,&quot;width&quot;:213,&quot;url&quot;:&quot;https:\\\/\\\/historiografija.hr\\\/wp-content\\\/uploads\\\/2026\\\/01\\\/Zla_proslost-pdf-213x300.jpg&quot;,&quot;orientation&quot;:&quot;portrait&quot;},&quot;large&quot;:{&quot;height&quot;:1024,&quot;width&quot;:728,&quot;url&quot;:&quot;https:\\\/\\\/historiografija.hr\\\/wp-content\\\/uploads\\\/2026\\\/01\\\/Zla_proslost-pdf-728x1024.jpg&quot;,&quot;orientation&quot;:&quot;portrait&quot;},&quot;full&quot;:{&quot;url&quot;:&quot;https:\\\/\\\/historiografija.hr\\\/wp-content\\\/uploads\\\/2026\\\/01\\\/Zla_proslost-pdf.jpg&quot;,&quot;height&quot;:1184,&quot;width&quot;:842,&quot;orientation&quot;:&quot;portrait&quot;}},&quot;compat&quot;:{&quot;item&quot;:&quot;&quot;,&quot;meta&quot;:&quot;&quot;}},&quot;align&quot;:&quot;&quot;,&quot;config&quot;:{&quot;embedMode&quot;:&quot;SIZED_CONTAINER&quot;},&quot;options&quot;:{&quot;showDownloadPDF&quot;:false,&quot;showPrintPDF&quot;:false,&quot;showFullScreen&quot;:true},&quot;alignment&quot;:&quot;center&quot;,&quot;width&quot;:&quot;100%&quot;,&quot;height&quot;:&quot;469px&quot;,&quot;padding&quot;:{&quot;side&quot;:4},&quot;margin&quot;:{&quot;side&quot;:4},&quot;border&quot;:{&quot;radius&quot;:&quot;0px&quot;,&quot;style&quot;:&quot;solid&quot;,&quot;color&quot;:&quot;#dadada&quot;,&quot;width&quot;:&quot;1px&quot;},&quot;shadow&quot;:[]},&quot;pebAPIKey&quot;:&quot;7e7f1316158d4098a6cea24196b718bf&quot;}\" \r\n>\r\n<\/div>\n\n\n<div class=\"wp-block-buttons is-horizontal is-content-justification-right is-layout-flex wp-container-core-buttons-is-layout-ae2fe186 wp-block-buttons-is-layout-flex\">\n<div class=\"wp-block-button has-custom-width wp-block-button__width-25 has-custom-font-size is-style-fill has-small-font-size\"><a class=\"wp-block-button__link has-white-color has-dark-gray-background-color has-text-color has-background has-link-color has-text-align-center wp-element-button\" href=\"https:\/\/historiografija.hr\/wp-content\/uploads\/2026\/01\/Zla_proslost.pdf\" style=\"border-radius:26px\">Preuzmi<\/a><\/div>\n<\/div>\n\n\n\n<hr class=\"wp-block-separator has-alpha-channel-opacity\"\/>\n\n\n\n<p><\/p>\n","protected":false},"excerpt":{"rendered":"","protected":false},"author":3,"featured_media":0,"parent":0,"menu_order":0,"comment_status":"closed","ping_status":"closed","template":"","meta":{"_acf_changed":false,"jetpack_post_was_ever_published":false,"footnotes":""},"class_list":["post-49796","page","type-page","status-publish","hentry"],"acf":[],"jetpack_sharing_enabled":true,"jetpack-related-posts":[],"_links":{"self":[{"href":"https:\/\/historiografija.hr\/index.php?rest_route=\/wp\/v2\/pages\/49796","targetHints":{"allow":["GET"]}}],"collection":[{"href":"https:\/\/historiografija.hr\/index.php?rest_route=\/wp\/v2\/pages"}],"about":[{"href":"https:\/\/historiografija.hr\/index.php?rest_route=\/wp\/v2\/types\/page"}],"author":[{"embeddable":true,"href":"https:\/\/historiografija.hr\/index.php?rest_route=\/wp\/v2\/users\/3"}],"replies":[{"embeddable":true,"href":"https:\/\/historiografija.hr\/index.php?rest_route=%2Fwp%2Fv2%2Fcomments&post=49796"}],"version-history":[{"count":18,"href":"https:\/\/historiografija.hr\/index.php?rest_route=\/wp\/v2\/pages\/49796\/revisions"}],"predecessor-version":[{"id":50743,"href":"https:\/\/historiografija.hr\/index.php?rest_route=\/wp\/v2\/pages\/49796\/revisions\/50743"}],"wp:attachment":[{"href":"https:\/\/historiografija.hr\/index.php?rest_route=%2Fwp%2Fv2%2Fmedia&parent=49796"}],"curies":[{"name":"wp","href":"https:\/\/api.w.org\/{rel}","templated":true}]}}