{"id":4219,"date":"2017-05-08T14:41:06","date_gmt":"2017-05-08T14:41:06","guid":{"rendered":"http:\/\/historiografija.hr\/?page_id=4219"},"modified":"2026-04-29T16:04:22","modified_gmt":"2026-04-29T14:04:22","slug":"kliofest-2","status":"publish","type":"page","link":"https:\/\/historiografija.hr\/?page_id=4219","title":{"rendered":"Kliofest"},"content":{"rendered":"<h4 class=\"entry-title post-title\">TRINAESTI Festival povijesti KLIOFEST 2026.<\/h4>\n<p>Trinaesti Festival povijesti Kliofest odr\u017eava se od 5. do 8. svibnja 2026. u Nacionalnoj i sveu\u010dili\u0161noj knji\u017enici u Zagrebu, kao i na nekoliko drugih lokacija u gradu.<\/p>\n<p><strong>Cijeli program dostupan je na sljede\u0107oj poveznici:<\/strong><\/p>\n<p><a href=\"https:\/\/www.kliofest.hr\/\">https:\/\/www.kliofest.hr\/<\/a><\/p>\n\n\n<p><\/p>\n","protected":false},"excerpt":{"rendered":"","protected":false},"author":1,"featured_media":0,"parent":0,"menu_order":0,"comment_status":"closed","ping_status":"closed","template":"","meta":{"_acf_changed":false,"jetpack_post_was_ever_published":false,"footnotes":""},"class_list":["post-4219","page","type-page","status-publish","hentry"],"acf":[],"jetpack_sharing_enabled":true,"jetpack-related-posts":[{"id":879,"url":"https:\/\/historiografija.hr\/?page_id=879","url_meta":{"origin":4219,"position":0},"title":"Impresum","author":"admin","date":"17. svibnja 2012.","format":false,"excerpt":"Internetski portal Historiografija.hr namijenjen je uspostavljanju bolje komunikacije me\u0111u hrvatskim povjesni\u010darima i znanstvenicima op\u0107enito, kao i ja\u010danju na\u0161e komunikacije s kolegicama i kolegama u inozemstvu te stru\u010dnom i \u0161irom javnosti. U najve\u0107oj mogu\u0107oj mjeri donosit \u0107e obavijesti o objavama i predstavljanjima knjiga, najavama znanstvenih i stru\u010dnih skupova i seminara te\u2026","rel":"","context":"Srodne objave","block_context":{"text":"Srodne objave","link":""},"img":{"alt_text":"","src":"","width":0,"height":0},"classes":[]}],"_links":{"self":[{"href":"https:\/\/historiografija.hr\/index.php?rest_route=\/wp\/v2\/pages\/4219","targetHints":{"allow":["GET"]}}],"collection":[{"href":"https:\/\/historiografija.hr\/index.php?rest_route=\/wp\/v2\/pages"}],"about":[{"href":"https:\/\/historiografija.hr\/index.php?rest_route=\/wp\/v2\/types\/page"}],"author":[{"embeddable":true,"href":"https:\/\/historiografija.hr\/index.php?rest_route=\/wp\/v2\/users\/1"}],"replies":[{"embeddable":true,"href":"https:\/\/historiografija.hr\/index.php?rest_route=%2Fwp%2Fv2%2Fcomments&post=4219"}],"version-history":[{"count":21,"href":"https:\/\/historiografija.hr\/index.php?rest_route=\/wp\/v2\/pages\/4219\/revisions"}],"predecessor-version":[{"id":52732,"href":"https:\/\/historiografija.hr\/index.php?rest_route=\/wp\/v2\/pages\/4219\/revisions\/52732"}],"wp:attachment":[{"href":"https:\/\/historiografija.hr\/index.php?rest_route=%2Fwp%2Fv2%2Fmedia&parent=4219"}],"curies":[{"name":"wp","href":"https:\/\/api.w.org\/{rel}","templated":true}]}}